{"id":3229,"date":"2025-10-11T23:46:21","date_gmt":"2025-10-11T22:46:21","guid":{"rendered":"https:\/\/esglesiallibertat.com\/?page_id=3229"},"modified":"2025-10-11T23:48:47","modified_gmt":"2025-10-11T22:48:47","slug":"transparencia","status":"publish","type":"page","link":"https:\/\/esglesiallibertat.com\/?page_id=3229","title":{"rendered":"Transparencia"},"content":{"rendered":"\n<p><strong>Transparencia, prevenci\u00f3n de delitos y tolerancia cero<\/strong><br>La Esgl\u00e9sia Evang\u00e8lica Llibertat formamos parte de la Federaci\u00f3n de Entidades Religiosas Evang\u00e9lica (FEREDE), inscrita en el registro de entidades religiosas con el n\u00famero 015542, y se rige por la aplicaci\u00f3n de lo establecido en la Ley 24\/1992, de 10 de noviembre, por la que se regula el Acuerdo de Cooperaci\u00f3n del Estado espa\u00f1ol con la federaci\u00f3n mencionada. Tambi\u00e9n formamos parte del Consell Evang\u00e8lic de Catalunya, de la Federaci\u00f3n de Iglesias Evang\u00e9licas Independientes de Espa\u00f1a (FIEIDE) y del registro de entidades del Ayuntamiento de Sant Boi de Llobregat.<br>Como iglesia <strong>contamos con un Documento de prevenci\u00f3n de delitos sexuales, buenas pr\u00e1cticas, medidas de buen gobierno y cumplimiento normativo<\/strong>, aprobado por nuestra asamblea en febrero de 2020 y actualizado en febrero de 2025.<br>En dicho documento se recogen las medidas que nos comprometemos a aplicar por tal de cumplir con la normativa vigente, seg\u00fan la Ley Org\u00e1nica 5\/2010 y 1\/2015, y realizar una gesti\u00f3n responsable de los recursos y las relaciones que tienen lugar en nuestra comunidad. Todo ello con el objetivo de garantizar que el espacio de la iglesia sea un espacio seguro y transparente para las personas que forman parte y que asisten a la misma.<br>Para ello, tambi\u00e9n, <strong>aplicamos medidas de prevenci\u00f3n que ayuden a evitar diferentes tipos de actos delictivos, especialmente de naturaleza sexual<\/strong>. Estos mecanismos de prevenci\u00f3n de delitos sexuales recogen, entre otras iniciativas, formaciones espec\u00edficas sobre el abuso y maneras de evitarlo, as\u00ed como el registro del certificado de no delitos sexuales por parte de las personas que forman parte de la junta directiva de la iglesia (ancianos y di\u00e1conos) y las que est\u00e1n ejerciendo un servicio (regular o espor\u00e1dico) con menores de edad en nombre de la iglesia, o tambi\u00e9n la formaci\u00f3n de una comisi\u00f3n encargada de hacer un seguimiento del cumplimiento de este protocolo y que es el canal para cualquier denuncia que pudiera haber.<br>Como Esgl\u00e9sia Evang\u00e8lica Llibertat <strong>reafirmamos nuestro compromiso con la buena praxis y la transparencia, as\u00ed como nuestra tolerancia cero contra todo tipo de comportamiento delictivo y de abusos sexuales<\/strong>. Y esto, no solo lo hacemos en cumplimiento de la normativa vigente, sino de acuerdo a los principios y valores fundamentales que encontramos en la Biblia, donde encontramos la afirmaci\u00f3n de la dignidad de cada persona por parte de Dios, y su llamado a amar, respetar y cuidar de dicha dignidad en toda circunstancia.<\/p>\n\n\n\n<p id=\"transparencia\"><br>Sant Boi de Llobregat, 2025.<\/p>\n","protected":false},"excerpt":{"rendered":"<p>Transparencia, prevenci\u00f3n de delitos y tolerancia ceroLa Esgl\u00e9sia Evang\u00e8lica Llibertat formamos parte de la Federaci\u00f3n de Entidades Religiosas Evang\u00e9lica (FEREDE), [&hellip;]<\/p>\n","protected":false},"author":1,"featured_media":0,"parent":0,"menu_order":0,"comment_status":"closed","ping_status":"closed","template":"","meta":{"footnotes":""},"class_list":["post-3229","page","type-page","status-publish","hentry"],"_links":{"self":[{"href":"https:\/\/esglesiallibertat.com\/index.php?rest_route=\/wp\/v2\/pages\/3229","targetHints":{"allow":["GET"]}}],"collection":[{"href":"https:\/\/esglesiallibertat.com\/index.php?rest_route=\/wp\/v2\/pages"}],"about":[{"href":"https:\/\/esglesiallibertat.com\/index.php?rest_route=\/wp\/v2\/types\/page"}],"author":[{"embeddable":true,"href":"https:\/\/esglesiallibertat.com\/index.php?rest_route=\/wp\/v2\/users\/1"}],"replies":[{"embeddable":true,"href":"https:\/\/esglesiallibertat.com\/index.php?rest_route=%2Fwp%2Fv2%2Fcomments&post=3229"}],"version-history":[{"count":3,"href":"https:\/\/esglesiallibertat.com\/index.php?rest_route=\/wp\/v2\/pages\/3229\/revisions"}],"predecessor-version":[{"id":3233,"href":"https:\/\/esglesiallibertat.com\/index.php?rest_route=\/wp\/v2\/pages\/3229\/revisions\/3233"}],"wp:attachment":[{"href":"https:\/\/esglesiallibertat.com\/index.php?rest_route=%2Fwp%2Fv2%2Fmedia&parent=3229"}],"curies":[{"name":"wp","href":"https:\/\/api.w.org\/{rel}","templated":true}]}}