{"id":424,"date":"2014-06-10T17:47:33","date_gmt":"2014-06-10T18:47:33","guid":{"rendered":"http:\/\/esglesiallibertat.com\/wp\/?page_id=424"},"modified":"2020-10-15T23:14:04","modified_gmt":"2020-10-16T00:14:04","slug":"quienes-somos","status":"publish","type":"page","link":"https:\/\/esglesiallibertat.com\/?page_id=424","title":{"rendered":"Qui\u00e9nes somos"},"content":{"rendered":"<p>Somos una <strong>comunidad<\/strong> de personas y <strong>familias<\/strong> que hemos experimentado el amor de Dios en nuestras vidas gracias a lo que Jesucristo hizo hace m\u00e1s de 2.000 a\u00f1o en una cruz.&nbsp; Gracias a <strong>Jes\u00fas<\/strong> tenemos una relaci\u00f3n personal e \u00edntima con&nbsp;Dios cada d\u00eda que da sentido y prop\u00f3sito a nuestras vidas.&nbsp; Somos&nbsp;seguidores de Jes\u00fas y queremos vivir como \u00c9l vivi\u00f3 y amar como \u00c9l am\u00f3 ya que&nbsp;su mensaje de <strong>salvaci\u00f3n<\/strong> sigue transformando vidas y trayendo esperanza a<br \/>\neste mundo.<\/p>\n<p><strong>Queremos ayudarte<\/strong> a conocer mejor a Dios y conectar con \u00c9l para que puedas experimentar una vida plena.&nbsp; Esto es posible gracias a Jes\u00fas y sus palabras, gracias a la Biblia donde encontramos todo lo que necesitamos saber sobre la grandeza, el amor y la justicia de Dios, sobre nosotros mismos y nuestro problema con Dios, sobre lo que Dios mismo ha hecho para rescatarnos y darnos una vida nueva, sobre c\u00f3mo vivir en familia y otros temas.<\/p>\n<p>Descubrir esta <strong>relaci\u00f3n con Dios<\/strong> nos ha motivado todos estos a\u00f1os a buscar la manera de reflejar el amor de Dios siendo \u00fatiles en Sant Boi colaborando en diferentes necesidades sociales de las personas. Hemos desarrollado proyectos de ayuda de primera necesidad para familias derivadas desde los servicios sociales municipales (entrega de alimentos, ropa, y art\u00edculos varios para bebes). Tambi\u00e9n hemos dado importancia a actividades con la infancia a trav\u00e9s de diferentes esplais, nuestra participaci\u00f3n en la olimpiada evang\u00e9lica para ni\u00f1os , etc. Todo ello gracias a Dios. Es \u00c9l el que merece ser honrado, no nosotros.<\/p>\n<p><strong>Queremos invitarte<\/strong> para que nos conozcas. Nos encontramos todos los domingos&nbsp;a las 11:00 para celebrar el amor de Dios y aprender de \u00c9l. Desde hace 50&nbsp;a\u00f1os (7 de noviembre de 1965) estamos en&nbsp; la iglesia evang\u00e9lica de la calle&nbsp;Llibertat 33 en el barrio de Marianao de Sant Boi.<\/p>\n<p><strong>Esgl\u00e9sia Evang\u00e8lica Llibertat, c\/Llibertat, 33 08830 Sant Boi de Llobregat <\/strong><strong>(Barcelona)<\/strong><br \/>\n<strong> Tel\u00e9fono: 936 52 08 22<\/strong><\/p>\n<p><iframe loading=\"lazy\" src=\"https:\/\/www.google.com\/maps\/embed?pb=!1m18!1m12!1m3!1d2995.115917993256!2d2.02849211497137!3d41.349834106286046!2m3!1f0!2f0!3f0!3m2!1i1024!2i768!4f13.1!3m3!1m2!1s0x12a49b83beabc685%3A0x6963a8f77963a1c5!2sEsgl%C3%A9sia%20Evang%C3%A8lica%20Llibertat!5e0!3m2!1ses!2ses!4v1602807175931!5m2!1ses!2ses\" width=\"600\" height=\"450\" frameborder=\"0\" style=\"border:0;\" allowfullscreen=\"\" aria-hidden=\"false\" tabindex=\"0\"><\/iframe><\/p>\n","protected":false},"excerpt":{"rendered":"<p>Somos una comunidad de personas y familias que hemos experimentado el amor de Dios en nuestras vidas gracias a lo [&hellip;]<\/p>\n","protected":false},"author":1,"featured_media":0,"parent":0,"menu_order":0,"comment_status":"closed","ping_status":"open","template":"","meta":{"footnotes":""},"class_list":["post-424","page","type-page","status-publish","hentry"],"_links":{"self":[{"href":"https:\/\/esglesiallibertat.com\/index.php?rest_route=\/wp\/v2\/pages\/424","targetHints":{"allow":["GET"]}}],"collection":[{"href":"https:\/\/esglesiallibertat.com\/index.php?rest_route=\/wp\/v2\/pages"}],"about":[{"href":"https:\/\/esglesiallibertat.com\/index.php?rest_route=\/wp\/v2\/types\/page"}],"author":[{"embeddable":true,"href":"https:\/\/esglesiallibertat.com\/index.php?rest_route=\/wp\/v2\/users\/1"}],"replies":[{"embeddable":true,"href":"https:\/\/esglesiallibertat.com\/index.php?rest_route=%2Fwp%2Fv2%2Fcomments&post=424"}],"version-history":[{"count":27,"href":"https:\/\/esglesiallibertat.com\/index.php?rest_route=\/wp\/v2\/pages\/424\/revisions"}],"predecessor-version":[{"id":1536,"href":"https:\/\/esglesiallibertat.com\/index.php?rest_route=\/wp\/v2\/pages\/424\/revisions\/1536"}],"wp:attachment":[{"href":"https:\/\/esglesiallibertat.com\/index.php?rest_route=%2Fwp%2Fv2%2Fmedia&parent=424"}],"curies":[{"name":"wp","href":"https:\/\/api.w.org\/{rel}","templated":true}]}}