{"id":433,"date":"2014-06-11T22:13:27","date_gmt":"2014-06-11T23:13:27","guid":{"rendered":"http:\/\/esglesiallibertat.com\/wp\/?page_id=433"},"modified":"2019-02-02T19:11:59","modified_gmt":"2019-02-02T20:11:59","slug":"obra-social-sant-boi","status":"publish","type":"page","link":"https:\/\/esglesiallibertat.com\/?page_id=433","title":{"rendered":"Obra social"},"content":{"rendered":"<p>Una de nuestras maneras de formar parte activa en la vida del barrio de Marianao y de la ciudad de Sant Boi es nuestra <strong>obra social<\/strong>. La motivaci\u00f3n que nos mueve es el amor a Dios y a las personas que sufren situaciones dif\u00edciles. Actualmente trabajamos en dos proyectos claramente definidos y en colaboraci\u00f3n con servicios sociales del Ayuntamiento de Sant\u00a0Boi.<\/p>\n<p style=\"text-align: justify;\"><strong>ALIMENTS SOLIDARIS\u00a0\u00a0<\/strong><br \/>\nDe<img loading=\"lazy\" decoding=\"async\" class=\" wp-image-684 alignright\" src=\"https:\/\/esglesiallibertat.com\/wp-content\/uploads\/2014\/06\/botiga_solidaria_daliments_a_sant_boi_0.jpg\" alt=\"botiga_solidaria_daliments_a_sant_boi_0\" width=\"207\" height=\"129\" \/>spu\u00e9s de distribuir alimentos durante m\u00e1s de quince\u00a0a\u00f1os en nuestro local, l&#8217;Esgl\u00e9sia Evang\u00e8lica Llibertat acord\u00f3 junto con otras entidades de Sant Boi y el Ayuntamiento, la creaci\u00f3n de un nuevo centro de distribuci\u00f3n de alimentos para familias necesitadas. Este est\u00e1 situado en la calle D\u00eddac Priu n\u00ba10 &#8211; 08830 Sant Boi de Llobregat (Tel: 936 409 767).\u00a0En este centro nuestra iglesia colabora junto con C\u00e1ritas, Ajuquart, la Iglesia Evang\u00e9lica Rey de Reyes y el Ayuntamiento de Sant Boi.<\/p>\n<p>Aliments Solidaris abre 5 veces a la semana para atender a las 800 familias que acuden cada 15 d\u00edas a buscar los alimentos que necesitan. Alrededor de veinte\u00a0voluntarios de nuestra iglesia colaboran cada jueves en el turno de 16 a 19 horas. Adem\u00e1s, se colabora en la <em>taula de coordinaci\u00f3 del banc d&#8217;aliments<\/em> en Sant Boi y en\u00a0otras iniciativas como <em>El Gran Recapte,\u00a0<\/em>en la que participan m\u00e1s de 50 voluntarios.<\/p>\n<p>Para poder ser beneficiario de Aliments Solidaris se debe acudir al Servei de Primera Acollida de Serveis Socials del Ayuntamiento de Sant Boi, situado en Cal Ninyo C\/ Major, 43 Tel. 93 635 12 20.<\/p>\n<p style=\"text-align: justify;\"><strong>PROYECTO BEB\u00c9<\/strong><br \/>\n<img loading=\"lazy\" decoding=\"async\" class=\" wp-image-685 alignleft\" src=\"https:\/\/esglesiallibertat.com\/wp-content\/uploads\/2014\/06\/braga-panal.jpg\" alt=\"braga-panal\" width=\"205\" height=\"154\" \/>Es un nuevo proyecto de ayuda social dirigido a familias necesitadas que tienen beb\u00e9s.<\/p>\n<p style=\"text-align: justify;\">Este proyecto est\u00e1 limitado solo al barrio de Marianao y \u00fanicamente a familias derivadas desde servicios sociales. Se entregan pa\u00f1ales, ropa de beb\u00e9, cunas, carritos, etc. cada primer martes de mes. Actualmente se atienden unas quince familias y hay lista de espera.<\/p>\n<p style=\"text-align: justify;\"><strong>OTROS PROYECTOS<\/strong><br \/>\n<img loading=\"lazy\" decoding=\"async\" class=\" wp-image-683 alignright\" src=\"https:\/\/esglesiallibertat.com\/wp-content\/uploads\/2014\/06\/52936dbc21774_669x393.jpg\" alt=\"52936dbc21774_669x393\" width=\"204\" height=\"145\" \/>Proyecto de apadrinamiento de personas mayores de 70 a\u00f1os de Sant Boi. Consiste en atender a personas mayores asign\u00e1ndoles una madrina o padrino para que vele por sus necesidades.<br \/>\nEse seguimiento da lugar sobre todo a servicios de acompa\u00f1amiento, pero a veces tambi\u00e9n implica ayuda en cuestiones pr\u00e1cticas del hogar, visitas a m\u00e9dicos, etc.<\/p>\n","protected":false},"excerpt":{"rendered":"<p>Una de nuestras maneras de formar parte activa en la vida del barrio de Marianao y de la ciudad de [&hellip;]<\/p>\n","protected":false},"author":1,"featured_media":0,"parent":0,"menu_order":0,"comment_status":"closed","ping_status":"open","template":"template-full-width.php","meta":{"footnotes":""},"class_list":["post-433","page","type-page","status-publish","hentry"],"_links":{"self":[{"href":"https:\/\/esglesiallibertat.com\/index.php?rest_route=\/wp\/v2\/pages\/433","targetHints":{"allow":["GET"]}}],"collection":[{"href":"https:\/\/esglesiallibertat.com\/index.php?rest_route=\/wp\/v2\/pages"}],"about":[{"href":"https:\/\/esglesiallibertat.com\/index.php?rest_route=\/wp\/v2\/types\/page"}],"author":[{"embeddable":true,"href":"https:\/\/esglesiallibertat.com\/index.php?rest_route=\/wp\/v2\/users\/1"}],"replies":[{"embeddable":true,"href":"https:\/\/esglesiallibertat.com\/index.php?rest_route=%2Fwp%2Fv2%2Fcomments&post=433"}],"version-history":[{"count":38,"href":"https:\/\/esglesiallibertat.com\/index.php?rest_route=\/wp\/v2\/pages\/433\/revisions"}],"predecessor-version":[{"id":1139,"href":"https:\/\/esglesiallibertat.com\/index.php?rest_route=\/wp\/v2\/pages\/433\/revisions\/1139"}],"wp:attachment":[{"href":"https:\/\/esglesiallibertat.com\/index.php?rest_route=%2Fwp%2Fv2%2Fmedia&parent=433"}],"curies":[{"name":"wp","href":"https:\/\/api.w.org\/{rel}","templated":true}]}}