{"id":501,"date":"2014-06-15T18:21:38","date_gmt":"2014-06-15T19:21:38","guid":{"rendered":"http:\/\/esglesiallibertat.com\/wp\/?page_id=501"},"modified":"2020-10-14T00:07:12","modified_gmt":"2020-10-14T01:07:12","slug":"infancia","status":"publish","type":"page","link":"https:\/\/esglesiallibertat.com\/?page_id=501","title":{"rendered":"Infancia"},"content":{"rendered":"<p>Como seguidores de Jes\u00fas, queremos darle a la <strong>infancia <\/strong>la importancia que \u00c9l le daba. Para \u00e9l los ni\u00f1os eran un modelo a seguir en cuanto al modo de vivir y nos transmiti\u00f3 el profundo respeto hacia los m\u00e1s peque\u00f1os y la gu\u00eda en su crecimiento. Por eso, desde la Esgl\u00e9sia Evang\u00e8lica de Llibertat buscamos dar a los ni\u00f1os y las ni\u00f1as una <strong>educaci\u00f3n <\/strong>con valores b\u00edblicos, <strong>inclusiva <\/strong>y <strong>diversa<\/strong>, en la que todos tienen su lugar.<br \/>\nEntendemos como ejes transversales de todas nuestras actividades la importancia del <strong>juego<\/strong>, del <strong>arte<\/strong>, del <strong>deporte <\/strong>y la <strong>educaci\u00f3n emocional<\/strong>.<br \/>\nComo iglesia apostamos por la infancia entendiendo que son nuestro futuro, el futuro de todos.<\/p>\n<div style=\"margin-top: 10px; padding: 5px; border: 1px solid orange;\">\n<h3>ESCUELA B\u00cdBLICA<\/h3>\n<p><img decoding=\"async\" class=\" wp-image-581 alignright\" src=\"https:\/\/esglesiallibertat.com\/wp-content\/uploads\/2014\/06\/IMG_6384-240x170.jpg\" alt=\"\" width=\"230\" \/><\/p>\n<p>\u00bfTe gustar\u00eda saber m\u00e1s sobre qui\u00e9n fue Jes\u00fas? \u00a1Buscamos aprender de la Biblia de una forma creativa, divertida y apasionante!<\/p>\n<ul>\n<li style=\"list-style-type: none;\">\n<ul>\n<li>Actividad para ni\u00f1os y ni\u00f1as de <strong>2 a 15 a\u00f1os<\/strong><\/li>\n<li>Todos los<strong>\u00a0domingos<\/strong><\/li>\n<li>De <strong>12 a 13h<\/strong><\/li>\n<li>En el <strong>local de la iglesia<\/strong> (c\/Llibertat 33)<\/li>\n<\/ul>\n<\/li>\n<\/ul>\n<\/div>\n<div style=\"margin-top: 10px; padding: 5px; border: 1px solid orange;\">\n<h3>OLIMPIADAS<\/h3>\n<div><img decoding=\"async\" class=\"alignright wp-image-539\" src=\"https:\/\/esglesiallibertat.com\/wp-content\/uploads\/2014\/10\/IMG_5883-1024x682.jpg\" alt=\"\" width=\"230\" srcset=\"https:\/\/esglesiallibertat.com\/wp-content\/uploads\/2014\/10\/IMG_5883-1024x682.jpg 1024w, https:\/\/esglesiallibertat.com\/wp-content\/uploads\/2014\/10\/IMG_5883-300x200.jpg 300w, https:\/\/esglesiallibertat.com\/wp-content\/uploads\/2014\/10\/IMG_5883-150x100.jpg 150w, https:\/\/esglesiallibertat.com\/wp-content\/uploads\/2014\/10\/IMG_5883-370x246.jpg 370w, https:\/\/esglesiallibertat.com\/wp-content\/uploads\/2014\/10\/IMG_5883-770x514.jpg 770w, https:\/\/esglesiallibertat.com\/wp-content\/uploads\/2014\/10\/IMG_5883-285x190.jpg 285w\" sizes=\"(max-width: 1024px) 100vw, 1024px\" \/>\u00bfTe gustar\u00eda \u00a0hacer atletismo y buenos amigos con nosotros?\u00a0Juntos haremos iniciaci\u00f3n al atletismo durante todo el mes de septiembre y terminamos participando en las olimpiadas que se celebran el primer s\u00e1bado de octubre en el estadio de Joan Serrahima de Montjuic junto a otros equipos de toda Catalu\u00f1a, a nivel escolar. Organizado por las iglesias evang\u00e9licas, y con participaci\u00f3n abierta a todos los que les guste el deporte y hacer buenas amistades.<\/div>\n<ul>\n<li>Actividad para ni\u00f1os y ni\u00f1as de\u00a0<strong>3 a 16 a\u00f1os<\/strong><\/li>\n<li>El equipo de Llibertat entrena todos los <strong>lunes, mi\u00e9rcoles y viernes de septiembre<\/strong><\/li>\n<li>De <strong>17:30 a 19:00 <\/strong><\/li>\n<li>\u00a0En las <strong>pistas de atletismo Constant\u00ed Miranda<\/strong><\/li>\n<\/ul>\n<\/div>\n","protected":false},"excerpt":{"rendered":"<p>Como seguidores de Jes\u00fas, queremos darle a la infancia la importancia que \u00c9l le daba. Para \u00e9l los ni\u00f1os eran [&hellip;]<\/p>\n","protected":false},"author":1,"featured_media":0,"parent":0,"menu_order":0,"comment_status":"closed","ping_status":"open","template":"","meta":{"footnotes":""},"class_list":["post-501","page","type-page","status-publish","hentry"],"_links":{"self":[{"href":"https:\/\/esglesiallibertat.com\/index.php?rest_route=\/wp\/v2\/pages\/501","targetHints":{"allow":["GET"]}}],"collection":[{"href":"https:\/\/esglesiallibertat.com\/index.php?rest_route=\/wp\/v2\/pages"}],"about":[{"href":"https:\/\/esglesiallibertat.com\/index.php?rest_route=\/wp\/v2\/types\/page"}],"author":[{"embeddable":true,"href":"https:\/\/esglesiallibertat.com\/index.php?rest_route=\/wp\/v2\/users\/1"}],"replies":[{"embeddable":true,"href":"https:\/\/esglesiallibertat.com\/index.php?rest_route=%2Fwp%2Fv2%2Fcomments&post=501"}],"version-history":[{"count":36,"href":"https:\/\/esglesiallibertat.com\/index.php?rest_route=\/wp\/v2\/pages\/501\/revisions"}],"predecessor-version":[{"id":1282,"href":"https:\/\/esglesiallibertat.com\/index.php?rest_route=\/wp\/v2\/pages\/501\/revisions\/1282"}],"wp:attachment":[{"href":"https:\/\/esglesiallibertat.com\/index.php?rest_route=%2Fwp%2Fv2%2Fmedia&parent=501"}],"curies":[{"name":"wp","href":"https:\/\/api.w.org\/{rel}","templated":true}]}}